{"id":12123,"date":"2024-02-25T01:00:39","date_gmt":"2024-02-25T01:00:39","guid":{"rendered":"https:\/\/eldtf.com\/producto\/reinigungsfluessigkeit\/"},"modified":"2024-02-25T01:00:39","modified_gmt":"2024-02-25T01:00:39","slug":"reinigungsfluessigkeit","status":"publish","type":"product","link":"https:\/\/eldtf.com\/de\/reinigungsfluessigkeit\/","title":{"rendered":"Reinigungsfl\u00fcssigkeit"},"content":{"rendered":"<p>Reinigungsfl\u00fcssigkeit f\u00fcr DTF<\/p>\n","protected":false},"excerpt":{"rendered":"<p>Reinigungsfl\u00fcssigkeit f\u00fcr DTF<\/p>\n","protected":false},"featured_media":11367,"comment_status":"open","ping_status":"closed","template":"","meta":[],"product_cat":[122],"product_tag":[],"class_list":{"0":"post-12123","1":"product","2":"type-product","3":"status-publish","4":"has-post-thumbnail","6":"product_cat-reinigung-dtf","8":"first","9":"instock","10":"taxable","11":"shipping-taxable","12":"purchasable","13":"product-type-simple"},"_links":{"self":[{"href":"https:\/\/eldtf.com\/de\/wp-json\/wp\/v2\/product\/12123","targetHints":{"allow":["GET"]}}],"collection":[{"href":"https:\/\/eldtf.com\/de\/wp-json\/wp\/v2\/product"}],"about":[{"href":"https:\/\/eldtf.com\/de\/wp-json\/wp\/v2\/types\/product"}],"replies":[{"embeddable":true,"href":"https:\/\/eldtf.com\/de\/wp-json\/wp\/v2\/comments?post=12123"}],"wp:featuredmedia":[{"embeddable":true,"href":"https:\/\/eldtf.com\/de\/wp-json\/wp\/v2\/media\/11367"}],"wp:attachment":[{"href":"https:\/\/eldtf.com\/de\/wp-json\/wp\/v2\/media?parent=12123"}],"wp:term":[{"taxonomy":"product_cat","embeddable":true,"href":"https:\/\/eldtf.com\/de\/wp-json\/wp\/v2\/product_cat?post=12123"},{"taxonomy":"product_tag","embeddable":true,"href":"https:\/\/eldtf.com\/de\/wp-json\/wp\/v2\/product_tag?post=12123"}],"curies":[{"name":"wp","href":"https:\/\/api.w.org\/{rel}","templated":true}]}}