{"id":12188,"date":"2024-02-24T14:49:20","date_gmt":"2024-02-24T14:49:20","guid":{"rendered":"https:\/\/eldtf.com\/producto\/tinte-fuer-dtf-premium\/"},"modified":"2024-02-24T14:49:20","modified_gmt":"2024-02-24T14:49:20","slug":"tinte-fuer-dtf-premium","status":"publish","type":"product","link":"https:\/\/eldtf.com\/de\/tinte-fuer-dtf-premium\/","title":{"rendered":"Tinte f\u00fcr DTF Premium"},"content":{"rendered":"<p><a href=\"https:\/\/eldtf.com\/wp-content\/uploads\/2024\/02\/tablet-y-desktop-1536x695-1.png\"><img fetchpriority=\"high\" decoding=\"async\" class=\"alignnone wp-image-11490 alignright\" src=\"https:\/\/eldtf.com\/wp-content\/uploads\/2024\/02\/tablet-y-desktop-1536x695-1-300x136.png\" alt=\"\" width=\"719\" height=\"326\" title=\"\" srcset=\"https:\/\/eldtf.com\/wp-content\/uploads\/2024\/02\/tablet-y-desktop-1536x695-1-300x136.png 300w, https:\/\/eldtf.com\/wp-content\/uploads\/2024\/02\/tablet-y-desktop-1536x695-1-1024x463.png 1024w, https:\/\/eldtf.com\/wp-content\/uploads\/2024\/02\/tablet-y-desktop-1536x695-1-768x348.png 768w, https:\/\/eldtf.com\/wp-content\/uploads\/2024\/02\/tablet-y-desktop-1536x695-1-450x204.png 450w, https:\/\/eldtf.com\/wp-content\/uploads\/2024\/02\/tablet-y-desktop-1536x695-1-800x362.png 800w, https:\/\/eldtf.com\/wp-content\/uploads\/2024\/02\/tablet-y-desktop-1536x695-1.png 1536w\" sizes=\"(max-width: 719px) 100vw, 719px\" \/><\/a><\/p>\n<p>&nbsp;<\/p>\n<ul>\n<li><strong>Hohe Farbdichte und -s\u00e4ttigung:<\/strong> Diese Tinten bieten eine au\u00dfergew\u00f6hnliche Farbdichte und gew\u00e4hrleisten lebendige Drucke mit au\u00dfergew\u00f6hnlicher Farbs\u00e4ttigung, die f\u00fcr eine Vielzahl von DTF-Anwendungen geeignet sind.<\/li>\n<li><strong>Spezifische Formulierung:<\/strong> Gem\u00e4\u00df den Qualit\u00e4tsstandards sind unsere Tinten mit den meisten DTF-Druckern mit Epson-Druckkopftechnologie kompatibel und bieten optimale Leistung und un\u00fcbertroffene Zuverl\u00e4ssigkeit.<\/li>\n<li><strong>Hervorragende Waschechtheit:<\/strong> Diese Tinten \u00fcberstehen zahlreiche Waschg\u00e4nge, ohne zu verblassen, und sind daher ideal f\u00fcr Anwendungen, bei denen es auf Haltbarkeit ankommt.<\/li>\n<li><strong>Verhinderung von Verstopfungen:<\/strong> Unsere fortschrittliche Formulierung reduziert das Risiko von Druckkopfverstopfungen erheblich und sorgt f\u00fcr einen gleichm\u00e4\u00dfigen Fluss und eine effiziente Leistung.<\/li>\n<li><strong>Gro\u00dfe Farbskala:<\/strong> Unsere Tinten sind in CMYK und Wei\u00df erh\u00e4ltlich und erm\u00f6glichen den Druck auf einer Vielzahl von Farbt\u00f6nen und Hintergr\u00fcnden, die sich perfekt an Ihre kreativen Projekte anpassen.<\/li>\n<li><strong>Umweltfreundlich und sicher:<\/strong> Dank unseres Engagements f\u00fcr Nachhaltigkeit sind unsere Tinten ungiftig und umweltfreundlich und bieten eine sichere Option.<\/li>\n<\/ul>\n","protected":false},"excerpt":{"rendered":"<p>&nbsp;<\/p>\n<ul>\n<li><strong>Hohe Farbdichte und -s\u00e4ttigung.<\/strong><\/li>\n<li><strong>Spezielle Formulierung f\u00fcr Epson-Druckk\u00f6pfe (I3200, XP-600&#8230;).<\/strong><\/li>\n<li><strong>Hervorragende Waschbest\u00e4ndigkeit.<\/strong><\/li>\n<li><strong>Verhinderung von Verstopfungen.<\/strong><\/li>\n<li><strong>\u00d6kologisch und sicher.<\/strong><\/li>\n<\/ul>\n<p><a href=\"https:\/\/eldtf.com\/wp-content\/uploads\/2024\/02\/oeko-tex-eco-passport.png\"><img decoding=\"async\" class=\"alignnone wp-image-11504\" src=\"https:\/\/eldtf.com\/wp-content\/uploads\/2024\/02\/oeko-tex-eco-passport.png\" alt=\"\" width=\"295\" height=\"118\" srcset=\"https:\/\/eldtf.com\/wp-content\/uploads\/2024\/02\/oeko-tex-eco-passport.png 400w, https:\/\/eldtf.com\/wp-content\/uploads\/2024\/02\/oeko-tex-eco-passport-300x120.png 300w\" sizes=\"(max-width: 295px) 100vw, 295px\" \/><\/a><\/p>\n<p>&nbsp;<\/p>\n","protected":false},"featured_media":17124,"comment_status":"open","ping_status":"closed","template":"","meta":[],"product_cat":[133],"product_tag":[],"class_list":{"0":"post-12188","1":"product","2":"type-product","3":"status-publish","4":"has-post-thumbnail","6":"product_cat-dtf-verbrauchsmaterial","8":"first","9":"instock","10":"taxable","11":"shipping-taxable","12":"purchasable","13":"product-type-variable","14":"wvs-archive-product-wrapper"},"_links":{"self":[{"href":"https:\/\/eldtf.com\/de\/wp-json\/wp\/v2\/product\/12188","targetHints":{"allow":["GET"]}}],"collection":[{"href":"https:\/\/eldtf.com\/de\/wp-json\/wp\/v2\/product"}],"about":[{"href":"https:\/\/eldtf.com\/de\/wp-json\/wp\/v2\/types\/product"}],"replies":[{"embeddable":true,"href":"https:\/\/eldtf.com\/de\/wp-json\/wp\/v2\/comments?post=12188"}],"wp:featuredmedia":[{"embeddable":true,"href":"https:\/\/eldtf.com\/de\/wp-json\/wp\/v2\/media\/17124"}],"wp:attachment":[{"href":"https:\/\/eldtf.com\/de\/wp-json\/wp\/v2\/media?parent=12188"}],"wp:term":[{"taxonomy":"product_cat","embeddable":true,"href":"https:\/\/eldtf.com\/de\/wp-json\/wp\/v2\/product_cat?post=12188"},{"taxonomy":"product_tag","embeddable":true,"href":"https:\/\/eldtf.com\/de\/wp-json\/wp\/v2\/product_tag?post=12188"}],"curies":[{"name":"wp","href":"https:\/\/api.w.org\/{rel}","templated":true}]}}