{"id":12027,"date":"2024-02-25T01:11:00","date_gmt":"2024-02-25T01:11:00","guid":{"rendered":"https:\/\/eldtf.com\/producto\/lingettes-de-nettoyage-en-polyester\/"},"modified":"2024-11-16T20:43:02","modified_gmt":"2024-11-16T20:43:02","slug":"lingettes-de-nettoyage-en-polyester","status":"publish","type":"product","link":"https:\/\/eldtf.com\/fr\/lingettes-de-nettoyage-en-polyester\/","title":{"rendered":"Lingettes de nettoyage en polyester"},"content":{"rendered":"<p>Lingettes de nettoyage en polyester d\u00e9licates, douces et absorbantes pour garder votre syst\u00e8me propre \u00e0 tout moment.<\/p>\n","protected":false},"excerpt":{"rendered":"<p>Lingettes de nettoyage en polyester d\u00e9licates, douces et absorbantes pour garder votre syst\u00e8me propre \u00e0 tout moment.<\/p>\n","protected":false},"featured_media":11545,"comment_status":"open","ping_status":"closed","template":"","meta":[],"product_cat":[119],"product_tag":[],"class_list":{"0":"post-12027","1":"product","2":"type-product","3":"status-publish","4":"has-post-thumbnail","6":"product_cat-nettoyage-du-dtf","8":"first","9":"instock","10":"taxable","11":"shipping-taxable","12":"purchasable","13":"product-type-simple"},"_links":{"self":[{"href":"https:\/\/eldtf.com\/fr\/wp-json\/wp\/v2\/product\/12027","targetHints":{"allow":["GET"]}}],"collection":[{"href":"https:\/\/eldtf.com\/fr\/wp-json\/wp\/v2\/product"}],"about":[{"href":"https:\/\/eldtf.com\/fr\/wp-json\/wp\/v2\/types\/product"}],"replies":[{"embeddable":true,"href":"https:\/\/eldtf.com\/fr\/wp-json\/wp\/v2\/comments?post=12027"}],"wp:featuredmedia":[{"embeddable":true,"href":"https:\/\/eldtf.com\/fr\/wp-json\/wp\/v2\/media\/11545"}],"wp:attachment":[{"href":"https:\/\/eldtf.com\/fr\/wp-json\/wp\/v2\/media?parent=12027"}],"wp:term":[{"taxonomy":"product_cat","embeddable":true,"href":"https:\/\/eldtf.com\/fr\/wp-json\/wp\/v2\/product_cat?post=12027"},{"taxonomy":"product_tag","embeddable":true,"href":"https:\/\/eldtf.com\/fr\/wp-json\/wp\/v2\/product_tag?post=12027"}],"curies":[{"name":"wp","href":"https:\/\/api.w.org\/{rel}","templated":true}]}}