{"id":12162,"date":"2024-02-24T14:49:20","date_gmt":"2024-02-24T14:49:20","guid":{"rendered":"https:\/\/eldtf.com\/producto\/encre-pour-dtf-premium\/"},"modified":"2024-02-24T14:49:20","modified_gmt":"2024-02-24T14:49:20","slug":"encre-pour-dtf-premium","status":"publish","type":"product","link":"https:\/\/eldtf.com\/fr\/encre-pour-dtf-premium\/","title":{"rendered":"Encre pour DTF Premium"},"content":{"rendered":"<p><a href=\"https:\/\/eldtf.com\/wp-content\/uploads\/2024\/02\/tablet-y-desktop-1536x695-1.png\"><img fetchpriority=\"high\" decoding=\"async\" class=\"alignnone wp-image-11490 alignright\" src=\"https:\/\/eldtf.com\/wp-content\/uploads\/2024\/02\/tablet-y-desktop-1536x695-1-300x136.png\" alt=\"\" width=\"719\" height=\"326\" title=\"\" srcset=\"https:\/\/eldtf.com\/wp-content\/uploads\/2024\/02\/tablet-y-desktop-1536x695-1-300x136.png 300w, https:\/\/eldtf.com\/wp-content\/uploads\/2024\/02\/tablet-y-desktop-1536x695-1-1024x463.png 1024w, https:\/\/eldtf.com\/wp-content\/uploads\/2024\/02\/tablet-y-desktop-1536x695-1-768x348.png 768w, https:\/\/eldtf.com\/wp-content\/uploads\/2024\/02\/tablet-y-desktop-1536x695-1-450x204.png 450w, https:\/\/eldtf.com\/wp-content\/uploads\/2024\/02\/tablet-y-desktop-1536x695-1-800x362.png 800w, https:\/\/eldtf.com\/wp-content\/uploads\/2024\/02\/tablet-y-desktop-1536x695-1.png 1536w\" sizes=\"(max-width: 719px) 100vw, 719px\" \/><\/a><\/p>\n<p>&nbsp;<\/p>\n<ul>\n<li><strong>Densit\u00e9 et saturation des couleurs \u00e9lev\u00e9es :<\/strong> Ces encres offrent une densit\u00e9 de couleur exceptionnelle, garantissant des impressions vibrantes avec une saturation de couleur exceptionnelle, convenant \u00e0 une large gamme d&rsquo;applications DTF.<\/li>\n<li><strong>Formulation sp\u00e9cifique :<\/strong> Respectant les normes de qualit\u00e9, nos encres sont compatibles avec la plupart des imprimantes DTF utilisant la technologie des t\u00eates d&rsquo;impression Epson, offrant des performances optimales et une fiabilit\u00e9 in\u00e9gal\u00e9e.<\/li>\n<li><strong>R\u00e9sistance sup\u00e9rieure au lavage :<\/strong> capables de r\u00e9sister \u00e0 de nombreux cycles de lavage sans se d\u00e9colorer, ces encres sont id\u00e9ales pour les applications o\u00f9 la durabilit\u00e9 est cruciale.<\/li>\n<li><strong>Pr\u00e9vention du colmatage :<\/strong> notre formulation avanc\u00e9e r\u00e9duit consid\u00e9rablement le risque de colmatage des t\u00eates d&rsquo;impression, garantissant un d\u00e9bit constant et des performances efficaces.<\/li>\n<li><strong>Large gamme de couleurs :<\/strong> disponibles en CMJN et en blanc, nos encres permettent d&rsquo;imprimer sur une grande vari\u00e9t\u00e9 de teintes et de fonds, s&rsquo;adaptant ainsi parfaitement \u00e0 vos projets cr\u00e9atifs.<\/li>\n<li><strong>Respect de l&rsquo;environnement et s\u00e9curit\u00e9 :<\/strong> dans un souci de d\u00e9veloppement durable, nos encres sont non toxiques et respectueuses de l&rsquo;environnement, ce qui en fait une option s\u00fbre.<\/li>\n<\/ul>\n","protected":false},"excerpt":{"rendered":"<p>&nbsp;<\/p>\n<ul>\n<li><strong>Densit\u00e9 et saturation \u00e9lev\u00e9es des couleurs.<\/strong><\/li>\n<li><strong>Formulation sp\u00e9cifique pour les t\u00eates d&rsquo;impression Epson (I3200, XP-600&#8230;).<\/strong><\/li>\n<li><strong>R\u00e9sistance sup\u00e9rieure au lavage.<\/strong><\/li>\n<li><strong>Pr\u00e9vention des blocages.<\/strong><\/li>\n<li><strong>\u00c9cologique et s\u00fbr.<\/strong><\/li>\n<\/ul>\n<p><a href=\"https:\/\/eldtf.com\/wp-content\/uploads\/2024\/02\/oeko-tex-eco-passport.png\"><img decoding=\"async\" class=\"alignnone wp-image-11504\" src=\"https:\/\/eldtf.com\/wp-content\/uploads\/2024\/02\/oeko-tex-eco-passport.png\" alt=\"\" width=\"295\" height=\"118\" srcset=\"https:\/\/eldtf.com\/wp-content\/uploads\/2024\/02\/oeko-tex-eco-passport.png 400w, https:\/\/eldtf.com\/wp-content\/uploads\/2024\/02\/oeko-tex-eco-passport-300x120.png 300w\" sizes=\"(max-width: 295px) 100vw, 295px\" \/><\/a><\/p>\n<p>&nbsp;<\/p>\n","protected":false},"featured_media":17123,"comment_status":"open","ping_status":"closed","template":"","meta":[],"product_cat":[131],"product_tag":[],"class_list":{"0":"post-12162","1":"product","2":"type-product","3":"status-publish","4":"has-post-thumbnail","6":"product_cat-consommables-dtf","8":"first","9":"instock","10":"taxable","11":"shipping-taxable","12":"purchasable","13":"product-type-variable","14":"wvs-archive-product-wrapper"},"_links":{"self":[{"href":"https:\/\/eldtf.com\/fr\/wp-json\/wp\/v2\/product\/12162","targetHints":{"allow":["GET"]}}],"collection":[{"href":"https:\/\/eldtf.com\/fr\/wp-json\/wp\/v2\/product"}],"about":[{"href":"https:\/\/eldtf.com\/fr\/wp-json\/wp\/v2\/types\/product"}],"replies":[{"embeddable":true,"href":"https:\/\/eldtf.com\/fr\/wp-json\/wp\/v2\/comments?post=12162"}],"wp:featuredmedia":[{"embeddable":true,"href":"https:\/\/eldtf.com\/fr\/wp-json\/wp\/v2\/media\/17123"}],"wp:attachment":[{"href":"https:\/\/eldtf.com\/fr\/wp-json\/wp\/v2\/media?parent=12162"}],"wp:term":[{"taxonomy":"product_cat","embeddable":true,"href":"https:\/\/eldtf.com\/fr\/wp-json\/wp\/v2\/product_cat?post=12162"},{"taxonomy":"product_tag","embeddable":true,"href":"https:\/\/eldtf.com\/fr\/wp-json\/wp\/v2\/product_tag?post=12162"}],"curies":[{"name":"wp","href":"https:\/\/api.w.org\/{rel}","templated":true}]}}