{"id":16270,"date":"2024-04-16T13:22:08","date_gmt":"2024-04-16T13:22:08","guid":{"rendered":"https:\/\/eldtf.com\/abonnement-frais-de-port-supplementaires-royaume-uni-espagne-peninsule\/"},"modified":"2024-04-16T13:22:08","modified_gmt":"2024-04-16T13:22:08","slug":"abonnement-frais-de-port-supplementaires-royaume-uni-espagne-peninsule","status":"publish","type":"product","link":"https:\/\/eldtf.com\/fr\/abonnement-frais-de-port-supplementaires-royaume-uni-espagne-peninsule\/","title":{"rendered":"Abonnement : Frais de port suppl\u00e9mentaires &#8211; ROYAUME-UNI ESPAGNE PENINSULE"},"content":{"rendered":"<p>Achetez ce produit si vous avez oubli\u00e9 d&rsquo;ajouter le mode d&rsquo;exp\u00e9dition \u00e0 votre commande ou si l&rsquo;un de nos agents vous a demand\u00e9 de le faire.<\/p>\n","protected":false},"excerpt":{"rendered":"<p>Achetez ce produit si vous avez oubli\u00e9 d&rsquo;ajouter le mode d&rsquo;exp\u00e9dition \u00e0 votre commande ou si l&rsquo;un de nos agents vous a demand\u00e9 de le faire.<\/p>\n","protected":false},"featured_media":13382,"comment_status":"closed","ping_status":"closed","template":"","meta":[],"product_cat":[184],"product_tag":[],"class_list":{"0":"post-16270","1":"product","2":"type-product","3":"status-publish","4":"has-post-thumbnail","6":"product_cat-sans-categorie","8":"first","9":"instock","10":"virtual","11":"taxable","12":"purchasable","13":"product-type-simple"},"_links":{"self":[{"href":"https:\/\/eldtf.com\/fr\/wp-json\/wp\/v2\/product\/16270","targetHints":{"allow":["GET"]}}],"collection":[{"href":"https:\/\/eldtf.com\/fr\/wp-json\/wp\/v2\/product"}],"about":[{"href":"https:\/\/eldtf.com\/fr\/wp-json\/wp\/v2\/types\/product"}],"replies":[{"embeddable":true,"href":"https:\/\/eldtf.com\/fr\/wp-json\/wp\/v2\/comments?post=16270"}],"wp:featuredmedia":[{"embeddable":true,"href":"https:\/\/eldtf.com\/fr\/wp-json\/wp\/v2\/media\/13382"}],"wp:attachment":[{"href":"https:\/\/eldtf.com\/fr\/wp-json\/wp\/v2\/media?parent=16270"}],"wp:term":[{"taxonomy":"product_cat","embeddable":true,"href":"https:\/\/eldtf.com\/fr\/wp-json\/wp\/v2\/product_cat?post=16270"},{"taxonomy":"product_tag","embeddable":true,"href":"https:\/\/eldtf.com\/fr\/wp-json\/wp\/v2\/product_tag?post=16270"}],"curies":[{"name":"wp","href":"https:\/\/api.w.org\/{rel}","templated":true}]}}